{"id":776,"date":"2018-06-28T01:35:43","date_gmt":"2018-06-28T04:35:43","guid":{"rendered":"https:\/\/isfdlaslomitas-for.infd.edu.ar\/sitio\/historia\/"},"modified":"2024-04-16T18:17:07","modified_gmt":"2024-04-16T21:17:07","slug":"historia","status":"publish","type":"page","link":"https:\/\/isfdlaslomitas-for.infd.edu.ar\/sitio\/historia\/","title":{"rendered":"Historia"},"content":{"rendered":"<p><span style=\"font-size: 12pt; color: #cc6600; font-family: arial,helvetica,sans-serif;\"><strong>\u00a0<\/strong><\/span><\/p>\n<p><span style=\"font-size: 14pt; font-family: verdana; color: #000000;\"><span style=\"font-family: Arial;\">Historia del I S F D C \u00a0y T \u00a0Brig. Gral. Juan Facundo Quiroga<\/span><\/span><\/p>\n<p><span style=\"font-size: 10pt; font-family: verdana;\">Por Iniciativa de un grupo de ciudadanos y funcionarios lomitenses, el 4 de Marzo de 1984, se env\u00eda al Gobierno de la Provincia de Formosa, una solicitud para la creaci\u00f3n de un Instituto Superior de Formaci\u00f3n docente, con el fin de que los j\u00f3venes y adultos de la zona tuvieran su casa de altos estudios, fundada en demandas puntuales y en un relevamiento educativo y socio econ\u00f3mico realizado en 1983.<\/span><\/p>\n<p><span style=\"font-size: 10pt; font-family: verdana;\"><img decoding=\"async\" title=\"El Instituto en el recuerdo\" src=\"https:\/\/isfdlaslomitas-for.infd.edu.ar\/sitio\/wp-content\/uploads\/2018\/06\/Fotos_Bodas_de_Plata_Insti_001.jpg\" alt=\"El Instituto en el recuerdo\" border=\"0\" \/><\/span><\/p>\n<p><span style=\"font-size: 10pt; font-family: Verdana;\">Se crea mediante Resoluci\u00f3n 694\/84. Se elabora un Documento de Base para la Creaci\u00f3n del ISFD y la comisi\u00f3n creada al efecto determina su primer mandato fundacional:<\/span><\/p>\n<ul>\n<li><span style=\"font-size: 10pt; font-family: Verdana;\">Formaci\u00f3n Docente de Grado<\/span><\/li>\n<li><span style=\"font-size: 10pt; font-family: Verdana;\">Centro de Investigaci\u00f3n y Experimentaci\u00f3n Educativas<\/span><\/li>\n<li><span style=\"font-size: 10pt; font-family: Verdana;\">Programa permanente de perfeccionamiento docente y capacitaci\u00f3n b\u00e1sica del adulto destinado a la zona oeste.<\/span><\/li>\n<\/ul>\n<p><span style=\"font-size: 10pt; font-family: Verdana;\"><img decoding=\"async\" title=\"El Instituto en el Recuerdo\" src=\"https:\/\/isfdlaslomitas-for.infd.edu.ar\/sitio\/wp-content\/uploads\/2018\/06\/Fotos_Bodas_de_Plata_Insti_002.jpg\" alt=\"El Instituto en el Recuerdo\" border=\"0\" \/><\/span><\/p>\n<p><span style=\"font-size: 10pt; font-family: Verdana;\">Se propone la carrera de Profesorado para la Ense\u00f1anza Primaria Modalizada para la Zona Rural con orientaci\u00f3n en Educaci\u00f3n Abori<\/span><span style=\"font-size: 10pt; font-family: Verdana;\">gen.<\/span><\/p>\n<p><span style=\"font-size: 10pt; font-family: Verdana;\">Mediante Decreto N\u00ba 2562\/84, un 28 de Diciembre de 1984, se crea el \u00a0ISFD \u00a0de Las Lomitas, y se redefine el plan de Estudios a:<\/span><\/p>\n<ul>\n<li><span style=\"font-size: 10pt; font-family: Verdana;\">Profesorado para la Ense\u00f1anza Primaria &#8211; Plan Decreto 514\/85.<\/span><\/li>\n<\/ul>\n<p><span style=\"font-size: 10pt; font-family: Verdana;\">En Agosto de 1987, se amplia la oferta educativa, al crear el Profesorado en Castellano y Literatura y desde el \u00e1rea pedag\u00f3gica se dictaron los cursos de orientaci\u00f3n para la educaci\u00f3n media.<\/span><\/p>\n<p><span style=\"font-size: 10pt; font-family: Verdana;\">Mediante Resoluci\u00f3n N\u00ba 2638\/05, se logra la acreditaci\u00f3n plena del Instituto ante la Red Federal de Formaci\u00f3n Docente Continua.<\/span><\/p>\n<p><span style=\"font-size: 10pt; font-family: Verdana;\">En 1996, se cierra el Profesorado para la ense\u00f1anza primaria y en 1997 se abre el profesorado en Lengua y Literatura para EGB 3 y Polimodal.<\/span><\/p>\n<p><span style=\"font-size: 10pt; font-family: Verdana;\">Desde 1996 el ISFD se organiza en un sistema mixto por Departamentos y Proyectos que conforman a su vez el tipo de gobierno institucional:<\/span><\/p>\n<ul>\n<li><span style=\"font-size: 10pt; font-family: Verdana;\">Direcci\u00f3n (Coordinaci\u00f3n General)<\/span><\/li>\n<li><span style=\"font-size: 10pt; font-family: Verdana;\">Coordinaci\u00f3n Departamento de Formaci\u00f3n Docente Inicial<\/span><\/li>\n<li><span style=\"font-size: 10pt; font-family: Verdana;\">Coordinaci\u00f3n Departamento de Capacitaci\u00f3n Docente<\/span><\/li>\n<li><span style=\"font-size: 10pt; font-family: Verdana;\">Coordinaci\u00f3n Departamento de Investigaci\u00f3n Educativa<\/span><\/li>\n<li><span style=\"font-size: 10pt; font-family: Verdana;\">Coordinaci\u00f3n Departamento de Formaci\u00f3n T\u00e9cnica<\/span><\/li>\n<\/ul>\n<p><img decoding=\"async\" title=\"El Instituto en el Recuerdo\" src=\"https:\/\/isfdlaslomitas-for.infd.edu.ar\/sitio\/wp-content\/uploads\/2018\/06\/Fotos_Bodas_de_Plata_Insti_003.jpg\" alt=\"El Instituto en el Recuerdo\" border=\"0\" \/><\/p>\n<p><span style=\"font-size: 10pt; font-family: Verdana;\"><img decoding=\"async\" title=\"El Instituto en el Recuerdo\" src=\"https:\/\/isfdlaslomitas-for.infd.edu.ar\/sitio\/wp-content\/uploads\/2018\/06\/Fotos_Bodas_de_Plata_Insti_007.jpg\" alt=\"El Instituto en el Recuerdo\" border=\"0\" \/>\u00a0<img decoding=\"async\" title=\"El Instituto en el Recuerdo\" src=\"https:\/\/isfdlaslomitas-for.infd.edu.ar\/sitio\/wp-content\/uploads\/2018\/06\/Fotos_Bodas_de_Plata_Insti_010.jpg\" alt=\"El Instituto en el Recuerdo\" border=\"0\" \/><\/span><\/p>\n<p><span style=\"font-size: 10pt; font-family: Verdana;\"><img decoding=\"async\" title=\"El instituto en el Recuerdo\" src=\"https:\/\/isfdlaslomitas-for.infd.edu.ar\/sitio\/wp-content\/uploads\/2018\/06\/Fotos_Bodas_de_Plata_Insti.jpg\" alt=\"El instituto en el Recuerdo\" border=\"0\" \/><\/span><\/p>\n","protected":false},"excerpt":{"rendered":"<p>\u00a0 Historia del I S F D C \u00a0y T \u00a0Brig. Gral. Juan Facundo Quiroga Por Iniciativa de un grupo de ciudadanos y funcionarios lomitenses, el 4 de Marzo de 1984, se env\u00eda al Gobierno de la Provincia de Formosa, una solicitud para la creaci\u00f3n de un Instituto Superior de Formaci\u00f3n docente, con el fin &#8230; <a title=\"Historia\" class=\"read-more\" href=\"https:\/\/isfdlaslomitas-for.infd.edu.ar\/sitio\/historia\/\" aria-label=\"More on Historia\">[+]<\/a><\/p>\n","protected":false},"author":189,"featured_media":0,"parent":0,"menu_order":0,"comment_status":"closed","ping_status":"closed","template":"","meta":[],"acf":[],"_links":{"self":[{"href":"https:\/\/isfdlaslomitas-for.infd.edu.ar\/sitio\/wp-json\/wp\/v2\/pages\/776"}],"collection":[{"href":"https:\/\/isfdlaslomitas-for.infd.edu.ar\/sitio\/wp-json\/wp\/v2\/pages"}],"about":[{"href":"https:\/\/isfdlaslomitas-for.infd.edu.ar\/sitio\/wp-json\/wp\/v2\/types\/page"}],"author":[{"embeddable":true,"href":"https:\/\/isfdlaslomitas-for.infd.edu.ar\/sitio\/wp-json\/wp\/v2\/users\/189"}],"replies":[{"embeddable":true,"href":"https:\/\/isfdlaslomitas-for.infd.edu.ar\/sitio\/wp-json\/wp\/v2\/comments?post=776"}],"version-history":[{"count":1,"href":"https:\/\/isfdlaslomitas-for.infd.edu.ar\/sitio\/wp-json\/wp\/v2\/pages\/776\/revisions"}],"predecessor-version":[{"id":930,"href":"https:\/\/isfdlaslomitas-for.infd.edu.ar\/sitio\/wp-json\/wp\/v2\/pages\/776\/revisions\/930"}],"wp:attachment":[{"href":"https:\/\/isfdlaslomitas-for.infd.edu.ar\/sitio\/wp-json\/wp\/v2\/media?parent=776"}],"curies":[{"name":"wp","href":"https:\/\/api.w.org\/{rel}","templated":true}]}}